{"id":37,"date":"2021-03-04T14:10:53","date_gmt":"2021-03-04T14:10:53","guid":{"rendered":"https:\/\/www.logoclub-bochum.de\/?page_id=37"},"modified":"2021-11-26T11:36:37","modified_gmt":"2021-11-26T11:36:37","slug":"live","status":"publish","type":"page","link":"https:\/\/www.logoclub-bochum.de\/index.php\/live\/","title":{"rendered":"Live"},"content":{"rendered":"[vc_row type=&#8220;full_width_content&#8220; full_screen_row_position=&#8220;middle&#8220; column_margin=&#8220;default&#8220; column_direction=&#8220;default&#8220; column_direction_tablet=&#8220;default&#8220; column_direction_phone=&#8220;default&#8220; scene_position=&#8220;center&#8220; bottom_padding=&#8220;80&#8243; bottom_padding_tablet=&#8220;60&#8243; bottom_padding_phone=&#8220;20&#8243; text_color=&#8220;dark&#8220; text_align=&#8220;left&#8220; row_border_radius=&#8220;none&#8220; row_border_radius_applies=&#8220;bg&#8220; overlay_strength=&#8220;0.3&#8243; gradient_direction=&#8220;left_to_right&#8220; shape_divider_position=&#8220;bottom&#8220; bg_image_animation=&#8220;none&#8220; shape_type=&#8220;&#8220;][vc_column column_padding=&#8220;no-extra-padding&#8220; column_padding_tablet=&#8220;inherit&#8220; column_padding_phone=&#8220;inherit&#8220; column_padding_position=&#8220;all&#8220; background_color_opacity=&#8220;1&#8243; background_hover_color_opacity=&#8220;1&#8243; column_shadow=&#8220;none&#8220; column_border_radius=&#8220;none&#8220; column_link_target=&#8220;_self&#8220; gradient_direction=&#8220;left_to_right&#8220; overlay_strength=&#8220;0.3&#8243; width=&#8220;1\/1&#8243; tablet_width_inherit=&#8220;default&#8220; tablet_text_alignment=&#8220;default&#8220; phone_text_alignment=&#8220;default&#8220; column_border_width=&#8220;none&#8220; column_border_style=&#8220;solid&#8220; bg_image_animation=&#8220;none&#8220;][image_with_animation image_url=&#8220;331&#8243; animation=&#8220;Fade In&#8220; hover_animation=&#8220;none&#8220; alignment=&#8220;&#8220; border_radius=&#8220;none&#8220; box_shadow=&#8220;none&#8220; image_loading=&#8220;default&#8220; max_width=&#8220;100%&#8220; max_width_mobile=&#8220;200%&#8220;][\/vc_column][\/vc_row][vc_row type=&#8220;full_width_content&#8220; full_screen_row_position=&#8220;middle&#8220; column_margin=&#8220;default&#8220; equal_height=&#8220;yes&#8220; column_direction=&#8220;default&#8220; column_direction_tablet=&#8220;default&#8220; column_direction_phone=&#8220;default&#8220; mouse_based_parallax_bg=&#8220;true&#8220; scene_position=&#8220;center&#8220; top_padding_phone=&#8220;5&#8243; bottom_padding_phone=&#8220;5&#8243; text_color=&#8220;dark&#8220; text_align=&#8220;left&#8220; row_border_radius=&#8220;none&#8220; row_border_radius_applies=&#8220;bg&#8220; overlay_strength=&#8220;0.3&#8243; gradient_direction=&#8220;left_to_right&#8220; shape_divider_position=&#8220;bottom&#8220; bg_image_animation=&#8220;none&#8220; shape_type=&#8220;&#8220;][vc_column column_padding=&#8220;no-extra-padding&#8220; column_padding_tablet=&#8220;inherit&#8220; column_padding_phone=&#8220;inherit&#8220; column_padding_position=&#8220;all&#8220; background_color_opacity=&#8220;1&#8243; background_hover_color_opacity=&#8220;1&#8243; column_shadow=&#8220;none&#8220; column_border_radius=&#8220;none&#8220; column_link_target=&#8220;_self&#8220; gradient_direction=&#8220;left_to_right&#8220; overlay_strength=&#8220;0.3&#8243; width=&#8220;1\/3&#8243; tablet_width_inherit=&#8220;default&#8220; tablet_text_alignment=&#8220;default&#8220; phone_text_alignment=&#8220;default&#8220; column_border_width=&#8220;none&#8220; column_border_style=&#8220;solid&#8220; bg_image_animation=&#8220;none&#8220;][vc_column_text css=&#8220;.vc_custom_1632233313433{padding-right: 20px !important;}&#8220;]\n<h3 style=\"text-align: right;\">KONZERTE<\/h3>\n<h2 style=\"text-align: right;\">Live im LOGO<\/h2>\n[\/vc_column_text][\/vc_column][vc_column column_padding=&#8220;no-extra-padding&#8220; column_padding_tablet=&#8220;inherit&#8220; column_padding_phone=&#8220;inherit&#8220; column_padding_position=&#8220;all&#8220; background_color_opacity=&#8220;1&#8243; background_hover_color_opacity=&#8220;1&#8243; column_shadow=&#8220;none&#8220; column_border_radius=&#8220;none&#8220; column_link_target=&#8220;_self&#8220; gradient_direction=&#8220;left_to_right&#8220; overlay_strength=&#8220;0.3&#8243; width=&#8220;2\/3&#8243; tablet_width_inherit=&#8220;default&#8220; tablet_text_alignment=&#8220;default&#8220; phone_text_alignment=&#8220;default&#8220; column_border_width=&#8220;none&#8220; column_border_style=&#8220;solid&#8220; bg_image_animation=&#8220;none&#8220;][vc_column_text css=&#8220;.vc_custom_1632825973100{padding-top: 60px !important;padding-right: 10px !important;padding-left: 20px !important;}&#8220;]Das LOGO war nicht gerade als Live Club konzipiert.<\/p>\n<div id=\"attachment_338\" style=\"width: 370px\" class=\"wp-caption alignright\"><img loading=\"lazy\" decoding=\"async\" aria-describedby=\"caption-attachment-338\" class=\"wp-image-338\" src=\"https:\/\/www.logoclub-bochum.de\/wp-content\/uploads\/2021\/03\/live2-215x300.jpg\" alt=\"Noise Annoys\" width=\"360\" height=\"503\" srcset=\"https:\/\/www.logoclub-bochum.de\/wp-content\/uploads\/2021\/03\/live2-215x300.jpg 215w, https:\/\/www.logoclub-bochum.de\/wp-content\/uploads\/2021\/03\/live2-733x1024.jpg 733w, https:\/\/www.logoclub-bochum.de\/wp-content\/uploads\/2021\/03\/live2-768x1074.jpg 768w, https:\/\/www.logoclub-bochum.de\/wp-content\/uploads\/2021\/03\/live2-1099x1536.jpg 1099w, https:\/\/www.logoclub-bochum.de\/wp-content\/uploads\/2021\/03\/live2.jpg 1465w\" sizes=\"(max-width: 360px) 100vw, 360px\" \/><p id=\"caption-attachment-338\" class=\"wp-caption-text\">Noise Annoys (HH)<\/p><\/div>\n<p>Das Gegenteil war der Dall. Die B\u00fchne war klein und ca 30cm hoch. Wenn&#8217;s voll war, konnte ein Teil der Zuschauer nichts sehen, weil der andere Teil direkt vor ihnen auf der 20cm erh\u00f6hten Tanzfl\u00e4che stand.<\/p>\n<p>Trotzdem gab&#8217;s von Anfang an Konzerte.<\/p>\n<p>In den fr\u00fchen Jahren holte DJ Diva wirklich alles, was auf dem Industrial-Sektor einen Namen hatte. Beinahe monatlich konnte man damals Bands wie Front 242, SPK, Cassandra Complex oder Neon Judgement sehen. Auch vor Gothic Rockbands wie Rose Of Avalanche und Flesh For Lulu schreckte Diva nicht zur\u00fcck.<\/p>\n<p>Erst als sp\u00e4ter haupts\u00e4chlich Ralf Odermann das Bookingbusiness \u00fcbernahm kamen vermehrt gitarrenlastige Indiebands auf die B\u00fchne.\u00a0 Gute Verbindungen u.a. zum Glitterhouse-Label sorgten f\u00fcr eine Menge denkw\u00fcrdiger Gigs, meist heftig rockende, trinkfeste Bands aus den USA, Australien und den Niederlanden (UDS!).\u00a0 Nirvana waren zwei mal confirmed, um dann leider doch wieder abzusagen.[\/vc_column_text][\/vc_column][\/vc_row][vc_row type=&#8220;full_width_content&#8220; full_screen_row_position=&#8220;middle&#8220; column_margin=&#8220;default&#8220; equal_height=&#8220;yes&#8220; column_direction=&#8220;default&#8220; column_direction_tablet=&#8220;default&#8220; column_direction_phone=&#8220;default&#8220; scene_position=&#8220;center&#8220; top_padding=&#8220;5&#8243; bottom_padding=&#8220;5&#8243; text_color=&#8220;dark&#8220; text_align=&#8220;left&#8220; row_border_radius=&#8220;none&#8220; row_border_radius_applies=&#8220;bg&#8220; overlay_strength=&#8220;0.3&#8243; gradient_direction=&#8220;left_to_right&#8220; shape_divider_position=&#8220;bottom&#8220; bg_image_animation=&#8220;none&#8220; shape_type=&#8220;&#8220;][vc_column column_padding=&#8220;no-extra-padding&#8220; column_padding_tablet=&#8220;inherit&#8220; column_padding_phone=&#8220;inherit&#8220; column_padding_position=&#8220;all&#8220; background_color_opacity=&#8220;1&#8243; background_hover_color_opacity=&#8220;1&#8243; column_shadow=&#8220;none&#8220; column_border_radius=&#8220;none&#8220; column_link_target=&#8220;_self&#8220; gradient_direction=&#8220;left_to_right&#8220; overlay_strength=&#8220;0.3&#8243; width=&#8220;1\/1&#8243; tablet_width_inherit=&#8220;default&#8220; tablet_text_alignment=&#8220;default&#8220; phone_text_alignment=&#8220;default&#8220; column_border_width=&#8220;none&#8220; column_border_style=&#8220;solid&#8220; bg_image_animation=&#8220;none&#8220;][image_with_animation image_url=&#8220;341&#8243; animation=&#8220;Fade In From Left&#8220; hover_animation=&#8220;none&#8220; alignment=&#8220;&#8220; border_radius=&#8220;none&#8220; box_shadow=&#8220;none&#8220; image_loading=&#8220;default&#8220; max_width=&#8220;100%&#8220; max_width_mobile=&#8220;default&#8220; delay=&#8220;500&#8243; margin_left_phone=&#8220;15&#8243; margin_right_phone=&#8220;15&#8243;][vc_column_text css=&#8220;.vc_custom_1615462436628{padding-right: 20px !important;}&#8220;]\n<p style=\"text-align: right;\">Front 242 im Logo<\/p>\n[\/vc_column_text][vc_column_text css=&#8220;.vc_custom_1637926593523{padding-top: 40px !important;padding-bottom: 40px !important;padding-left: 20px !important;background-color: #ffffff !important;}&#8220;]\n<h2 style=\"font-size: 20px; line-height: 24px; color: #000;\">[ Live @LOGO ]<\/h2>\n<p>Liste aler im LOGO aufgetretenen Bands<\/p>\n<h2 style=\"font-size: 20px; line-height: 24px; color: #000;\">a;Grumh \/ Aimless Device \/ All \/ And One \/ Asmodi Bizarr \/ Attrition \/ Beat Happening \/ Blubbery Hellbellies \/ Blue Cheer \/ Body &amp; The Buildings \/ Brotherland \/ Buffalo Tom \/ C.U.T. \/ Calva Y Nada \/ Casandra Complex \/ Cavemen \/ chris and Cosey \/ Clan Of Xymox \/ Click Click \/ Cows \/ Daddy Freddy \/ Das Ich \/ Days Of Sorrow \/ Demon Boyz \/ Eight Days \/ Fair Sex \/ Flesh For Lulu \/ Freaky Fukin Weirdoz \/ Front 242 \/ God Bullies \/ Grant Hart \/ Insekt \/ Invisible Limits \/ Jazzbutcher \/ Killdozer \/ Klinik \/ Loveslug \/ L\u00fcde &amp; Astros \/ Me And The Heat \/ Moving Targets \/ Mucky Pup \/ ulticoloured Shades \/ Neon Judgement \/ Nervous Game \/ New Christs \/ Nitzer Ebb \/\u00a0 Noise Annoys \/ Palookas \/ Phillipp Boa \/ Poesie Noire \/ Pox \/ Psyche \/ Ramonez 77 \/ Rose Of Avalanche \/ Sator \/ Schwefel \/ Severed Heads \/ Skinny Puppy \/ SPK \/ Strangemen \/ The Arch \/\u00a0 he Fluid \/ Three Johns \/ Tom Mega \/ Tommi Stummpf \/ Trash Groove Girls \/ Upright Citizens \/ Urban Dance Squad \/ vanilla Chainsaws \/ Vomito Negro \/ Wiseblood \/ The Zarths<\/h2>\n[\/vc_column_text][image_with_animation image_url=&#8220;697&#8243; animation=&#8220;Fade In&#8220; hover_animation=&#8220;none&#8220; alignment=&#8220;&#8220; border_radius=&#8220;none&#8220; box_shadow=&#8220;none&#8220; image_loading=&#8220;default&#8220; max_width=&#8220;100%&#8220; max_width_mobile=&#8220;default&#8220; margin_top=&#8220;100&#8243; margin_top_phone=&#8220;20&#8243; margin_right=&#8220;20&#8243; margin_left_phone=&#8220;15&#8243; margin_right_phone=&#8220;15&#8243;][vc_column_text css=&#8220;.vc_custom_1616514365501{padding-right: 20px !important;}&#8220;]\n<p style=\"text-align: right;\">URBAN DANCE SQUAD (?)<\/p>\n[\/vc_column_text][\/vc_column][\/vc_row]\n","protected":false},"excerpt":{"rendered":"<p>[vc_row type=&#8220;full_width_content&#8220; full_screen_row_position=&#8220;middle&#8220; column_margin=&#8220;default&#8220; column_direction=&#8220;default&#8220; column_direction_tablet=&#8220;default&#8220; column_direction_phone=&#8220;default&#8220; scene_position=&#8220;center&#8220; bottom_padding=&#8220;80&#8243; bottom_padding_tablet=&#8220;60&#8243; bottom_padding_phone=&#8220;20&#8243; text_color=&#8220;dark&#8220; text_align=&#8220;left&#8220; row_border_radius=&#8220;none&#8220; row_border_radius_applies=&#8220;bg&#8220; overlay_strength=&#8220;0.3&#8243; gradient_direction=&#8220;left_to_right&#8220; shape_divider_position=&#8220;bottom&#8220; bg_image_animation=&#8220;none&#8220; shape_type=&#8220;&#8220;][vc_column column_padding=&#8220;no-extra-padding&#8220; column_padding_tablet=&#8220;inherit&#8220; column_padding_phone=&#8220;inherit&#8220; column_padding_position=&#8220;all&#8220; background_color_opacity=&#8220;1&#8243; background_hover_color_opacity=&#8220;1&#8243; column_shadow=&#8220;none&#8220; column_border_radius=&#8220;none&#8220; column_link_target=&#8220;_self&#8220; gradient_direction=&#8220;left_to_right&#8220;&#8230;<\/p>\n","protected":false},"author":1,"featured_media":0,"parent":0,"menu_order":0,"comment_status":"closed","ping_status":"closed","template":"","meta":{"footnotes":""},"_links":{"self":[{"href":"https:\/\/www.logoclub-bochum.de\/index.php\/wp-json\/wp\/v2\/pages\/37"}],"collection":[{"href":"https:\/\/www.logoclub-bochum.de\/index.php\/wp-json\/wp\/v2\/pages"}],"about":[{"href":"https:\/\/www.logoclub-bochum.de\/index.php\/wp-json\/wp\/v2\/types\/page"}],"author":[{"embeddable":true,"href":"https:\/\/www.logoclub-bochum.de\/index.php\/wp-json\/wp\/v2\/users\/1"}],"replies":[{"embeddable":true,"href":"https:\/\/www.logoclub-bochum.de\/index.php\/wp-json\/wp\/v2\/comments?post=37"}],"version-history":[{"count":52,"href":"https:\/\/www.logoclub-bochum.de\/index.php\/wp-json\/wp\/v2\/pages\/37\/revisions"}],"predecessor-version":[{"id":1015,"href":"https:\/\/www.logoclub-bochum.de\/index.php\/wp-json\/wp\/v2\/pages\/37\/revisions\/1015"}],"wp:attachment":[{"href":"https:\/\/www.logoclub-bochum.de\/index.php\/wp-json\/wp\/v2\/media?parent=37"}],"curies":[{"name":"wp","href":"https:\/\/api.w.org\/{rel}","templated":true}]}}